{"id":690,"date":"2023-06-21T10:53:05","date_gmt":"2023-06-21T10:53:05","guid":{"rendered":"https:\/\/certifiedmarketedge.com\/privacy-policy\/"},"modified":"2025-07-03T12:06:07","modified_gmt":"2025-07-03T12:06:07","slug":"privacy-policy","status":"publish","type":"page","link":"https:\/\/certifiedmarketedge.com\/cs\/privacy-policy\/","title":{"rendered":"Z\u00e1sady ochrany osobn\u00edch \u00fadaj\u016f"},"content":{"rendered":"\n<h2 class=\"wp-block-heading\">Kdo jsme<\/h2>\n\n\n\n<p><strong class=\"privacy-policy-tutorial\">Doporu\u010den\u00fd text: <\/strong>Adresa na\u0161ich webov\u00fdch str\u00e1nek je: https:\/\/certifiedmarketedge.com.<\/p>\n\n\n\n<h2 class=\"wp-block-heading\">Koment\u00e1\u0159e<\/h2>\n\n\n\n<p><strong class=\"privacy-policy-tutorial\">Doporu\u010den\u00fd text: <\/strong>Kdy\u017e n\u00e1v\u0161t\u011bvn\u00edci zanech\u00e1vaj\u00ed koment\u00e1\u0159e na t\u011bchto str\u00e1nk\u00e1ch, shroma\u017e\u010fujeme \u00fadaje zobrazen\u00e9 ve formul\u00e1\u0159i pro koment\u00e1\u0159e, stejn\u011b jako IP adresu n\u00e1v\u0161t\u011bvn\u00edka a \u0159et\u011bzec user agent jeho prohl\u00ed\u017ee\u010de, co\u017e n\u00e1m pom\u00e1h\u00e1 p\u0159i detekci spamu.<\/p>\n\n\n\n<p>Anonymizovan\u00fd \u0159et\u011bzec vytvo\u0159en\u00fd z va\u0161\u00ed e-mailov\u00e9 adresy (tzv. hash) m\u016f\u017ee b\u00fdt p\u0159ed\u00e1n slu\u017eb\u011b Gravatar za \u00fa\u010delem ov\u011b\u0159en\u00ed, zda ji pou\u017e\u00edv\u00e1te. Z\u00e1sady ochrany osobn\u00edch \u00fadaj\u016f slu\u017eby Gravatar naleznete zde: https:\/\/automattic.com\/privacy\/. Po schv\u00e1len\u00ed va\u0161eho koment\u00e1\u0159e je va\u0161e profilov\u00e1 fotografie zobrazena ve\u0159ejn\u011b v kontextu koment\u00e1\u0159e.<\/p>\n\n\n\n<h2 class=\"wp-block-heading\">M\u00e9dia<\/h2>\n\n\n\n<p><strong class=\"privacy-policy-tutorial\">Doporu\u010den\u00fd text: <\/strong>Pokud na webov\u00e9 str\u00e1nky nahr\u00e1v\u00e1te obr\u00e1zky, vyvarujte se pros\u00edm vkl\u00e1d\u00e1n\u00ed obr\u00e1zk\u016f, kter\u00e9 obsahuj\u00ed \u00fadaje o poloze (EXIF GPS). N\u00e1v\u0161t\u011bvn\u00edci webov\u00fdch str\u00e1nek mohou st\u00e1hnout a z t\u011bchto obr\u00e1zk\u016f z\u00edskat jak\u00e1koliv data o poloze.<\/p>\n\n\n\n<h2 class=\"wp-block-heading\">Cookies<\/h2>\n\n\n\n<p><strong class=\"privacy-policy-tutorial\">Doporu\u010den\u00fd text: <\/strong>Pokud u n\u00e1s zanech\u00e1te koment\u00e1\u0159, m\u016f\u017eete si zvolit ulo\u017een\u00ed sv\u00e9ho jm\u00e9na, e-mailov\u00e9 adresy a webov\u00fdch str\u00e1nek do soubor\u016f cookie. Tyto soubory slou\u017e\u00ed pro va\u0161e pohodl\u00ed, abyste p\u0159i psan\u00ed dal\u0161\u00edho koment\u00e1\u0159e nemuseli znovu vypl\u0148ovat sv\u00e9 \u00fadaje. Tyto cookies budou ulo\u017eeny po dobu jednoho roku.<\/p>\n\n\n\n<p>P\u0159i n\u00e1v\u0161t\u011bv\u011b p\u0159ihla\u0161ovac\u00ed str\u00e1nky nastav\u00edme do\u010dasn\u00fd soubor cookie, abychom zjistili, zda v\u00e1\u0161 prohl\u00ed\u017ee\u010d p\u0159ij\u00edm\u00e1 cookies. Tento soubor neobsahuje \u017e\u00e1dn\u00e1 osobn\u00ed data a s uzav\u0159en\u00edm prohl\u00ed\u017ee\u010de se sma\u017ee.<\/p>\n\n\n\n<p>P\u0159i p\u0159ihl\u00e1\u0161en\u00ed nastav\u00edme tak\u00e9 n\u011bkolik cookies pro ulo\u017een\u00ed \u00fadaj\u016f o va\u0161em p\u0159ihl\u00e1\u0161en\u00ed a volb\u00e1ch zobrazen\u00ed obrazovky. P\u0159ihla\u0161ovac\u00ed cookies jsou platn\u00e9 dva dny, cookies s volbami zobrazen\u00ed jeden rok. Pokud zvol\u00edte mo\u017enost \u201ePamatuj si m\u011b\u201c, p\u0159ihl\u00e1\u0161en\u00ed p\u0159etrv\u00e1 dva t\u00fddny. Po odhl\u00e1\u0161en\u00ed z \u00fa\u010dtu budou p\u0159ihla\u0161ovac\u00ed cookies odstran\u011bny.<\/p>\n\n\n\n<p>Pokud uprav\u00edte nebo zve\u0159ejn\u00edte \u010dl\u00e1nek, ulo\u017e\u00ed se do va\u0161eho prohl\u00ed\u017ee\u010de dal\u0161\u00ed cookie. Tento soubor neobsahuje \u017e\u00e1dn\u00e9 osobn\u00ed \u00fadaje a pouze ozna\u010duje ID p\u0159\u00edsp\u011bvku \u010dl\u00e1nku, kter\u00fd jste pr\u00e1v\u011b upravili. Vypr\u0161\u00ed po jednom dni.<\/p>\n\n\n\n<h2 class=\"wp-block-heading\">Vlo\u017een\u00fd obsah z jin\u00fdch webov\u00fdch str\u00e1nek<\/h2>\n\n\n\n<p><strong class=\"privacy-policy-tutorial\">Doporu\u010den\u00fd text: <\/strong>\u010cl\u00e1nky na tomto webu mohou obsahovat vlo\u017een\u00fd obsah (nap\u0159\u00edklad videa, obr\u00e1zky, \u010dl\u00e1nky apod.). Vlo\u017een\u00fd obsah z jin\u00fdch web\u016f se chov\u00e1 stejn\u00fdm zp\u016fsobem, jako kdyby n\u00e1v\u0161t\u011bvn\u00edk p\u0159\u00edmo nav\u0161t\u00edvil dan\u00fd web.<\/p>\n\n\n\n<p>Tyto webov\u00e9 str\u00e1nky mohou o v\u00e1s shroma\u017e\u010fovat data, pou\u017e\u00edvat soubory cookie, vkl\u00e1dat dal\u0161\u00ed sledov\u00e1n\u00ed t\u0159et\u00edch stran a monitorovat va\u0161i interakci s t\u00edmto vlo\u017een\u00fdm obsahem, v\u010detn\u011b sledov\u00e1n\u00ed va\u0161\u00ed interakce s vlo\u017een\u00fdm obsahem, pokud na dan\u00e9m webu m\u00e1te \u00fa\u010det a jste p\u0159ihl\u00e1\u0161eni.<\/p>\n\n\n\n<h2 class=\"wp-block-heading\">Komu va\u0161e \u00fadaje sd\u00edl\u00edme<\/h2>\n\n\n\n<p><strong class=\"privacy-policy-tutorial\">Doporu\u010den\u00fd text: <\/strong>Pokud po\u017e\u00e1d\u00e1te o resetov\u00e1n\u00ed hesla, va\u0161e IP adresa bude zahrnuta v e-mailu pro obnoven\u00ed hesla.<\/p>\n\n\n\n<h2 class=\"wp-block-heading\">Jak dlouho va\u0161e \u00fadaje uchov\u00e1v\u00e1me<\/h2>\n\n\n\n<p><strong class=\"privacy-policy-tutorial\">Doporu\u010den\u00fd text: <\/strong>Pokud zanech\u00e1te koment\u00e1\u0159, koment\u00e1\u0159 a jeho metadata jsou uchov\u00e1v\u00e1na po neomezenou dobu. To proto, abychom mohli automaticky rozpoznat a schv\u00e1lit navazuj\u00edc\u00ed koment\u00e1\u0159e m\u00edsto jejich podr\u017een\u00ed v moderaci.<\/p>\n\n\n\n<p>U u\u017eivatel\u016f, kte\u0159\u00ed se zaregistruj\u00ed na na\u0161ich str\u00e1nk\u00e1ch (pokud takov\u00ed jsou), ukl\u00e1d\u00e1me tak\u00e9 osobn\u00ed \u00fadaje, kter\u00e9 uvedli ve sv\u00e9m u\u017eivatelsk\u00e9m profilu. V\u0161ichni u\u017eivatel\u00e9 mohou sv\u00e9 osobn\u00ed \u00fadaje kdykoliv zobrazit, upravit nebo smazat (krom\u011b u\u017eivatelsk\u00e9ho jm\u00e9na, kter\u00e9 zm\u011bnit nelze). Spr\u00e1vci webu mohou tuto informaci tak\u00e9 zobrazit a upravit.<\/p>\n\n\n\n<h2 class=\"wp-block-heading\">Jak\u00e1 m\u00e1te pr\u00e1va k va\u0161im \u00fadaj\u016fm<\/h2>\n\n\n\n<p><strong class=\"privacy-policy-tutorial\">Doporu\u010den\u00fd text: <\/strong>Pokud m\u00e1te \u00fa\u010det na t\u011bchto str\u00e1nk\u00e1ch, nebo jste zde zanechali koment\u00e1\u0159e, m\u016f\u017eete po\u017e\u00e1dat o exportovan\u00fd soubor s osobn\u00edmi \u00fadaji, kter\u00e9 o v\u00e1s uchov\u00e1v\u00e1me, v\u010detn\u011b \u00fadaj\u016f, kter\u00e9 jste n\u00e1m poskytli. M\u016f\u017eete tak\u00e9 po\u017e\u00e1dat o v\u00fdmaz v\u0161ech osobn\u00edch \u00fadaj\u016f, kter\u00e9 o v\u00e1s vedeme. To se net\u00fdk\u00e1 \u00fadaj\u016f, kter\u00e9 jsme povinni uchov\u00e1vat z administrativn\u00edch, pr\u00e1vn\u00edch nebo bezpe\u010dnostn\u00edch d\u016fvod\u016f.<\/p>\n\n\n\n<h2 class=\"wp-block-heading\">Kam jsou va\u0161e \u00fadaje odes\u00edl\u00e1ny<\/h2>\n\n\n\n<p><strong class=\"privacy-policy-tutorial\">Doporu\u010den\u00fd text: <\/strong>Koment\u00e1\u0159e n\u00e1v\u0161t\u011bvn\u00edk\u016f mohou b\u00fdt automaticky kontrolov\u00e1ny slu\u017ebou detekce spamu.<\/p>\n","protected":false},"excerpt":{"rendered":"<p>Kdo jsme Doporu\u010den\u00fd text: Adresa na\u0161ich webov\u00fdch str\u00e1nek je: https:\/\/certifiedmarketedge.com. Koment\u00e1\u0159e Doporu\u010den\u00fd text: Kdy\u017e n\u00e1v\u0161t\u011bvn\u00edci zanech\u00e1vaj\u00ed koment\u00e1\u0159e na t\u011bchto str\u00e1nk\u00e1ch, shroma\u017e\u010fujeme \u00fadaje zobrazen\u00e9 ve formul\u00e1\u0159i pro koment\u00e1\u0159e, stejn\u011b jako IP adresu n\u00e1v\u0161t\u011bvn\u00edka a \u0159et\u011bzec user agent jeho prohl\u00ed\u017ee\u010de, co\u017e n\u00e1m pom\u00e1h\u00e1 p\u0159i detekci spamu. Anonymizovan\u00fd \u0159et\u011bzec vytvo\u0159en\u00fd z va\u0161\u00ed e-mailov\u00e9 adresy (tzv. hash) m\u016f\u017ee b\u00fdt [&hellip;]<\/p>\n","protected":false},"author":2,"featured_media":0,"parent":0,"menu_order":0,"comment_status":"closed","ping_status":"open","template":"page-privacy.php","meta":{"footnotes":""},"class_list":["post-690","page","type-page","status-publish","hentry"],"yoast_head":"<!-- This site is optimized with the Yoast SEO plugin v25.6 - https:\/\/yoast.com\/wordpress\/plugins\/seo\/ -->\n<title>Easy Edge Index \u2122 | Offici\u00eble website 2026 | Claim nu!<\/title>\n<meta name=\"robots\" content=\"noindex, follow, max-snippet:-1, max-image-preview:large, max-video-preview:-1\" \/>\n<meta property=\"og:locale\" content=\"cs_CZ\" \/>\n<meta property=\"og:site_name\" content=\"Certified Market Edge\" \/>\n<meta property=\"article:modified_time\" content=\"2025-07-03T12:06:07+00:00\" \/>\n<meta name=\"twitter:card\" content=\"summary_large_image\" \/>\n<meta name=\"twitter:label1\" content=\"Odhadovan\u00e1 doba \u010dten\u00ed\" \/>\n\t<meta name=\"twitter:data1\" content=\"3 minuty\" \/>\n<!-- \/ Yoast SEO plugin. -->","yoast_head_json":{"title":"Easy Edge Index \u2122 | Offici\u00eble website 2026 | Claim nu!","robots":{"index":"noindex","follow":"follow","max-snippet":"max-snippet:-1","max-image-preview":"max-image-preview:large","max-video-preview":"max-video-preview:-1"},"og_locale":"cs_CZ","og_site_name":"Certified Market Edge","article_modified_time":"2025-07-03T12:06:07+00:00","twitter_card":"summary_large_image","twitter_misc":{"Odhadovan\u00e1 doba \u010dten\u00ed":"3 minuty"},"schema":{"@context":"https:\/\/schema.org","@graph":[{"@type":"WebPage","@id":"https:\/\/certifiedmarketedge.com\/cs\/privacy-policy\/","url":"https:\/\/certifiedmarketedge.com\/cs\/privacy-policy\/","name":"Z\u00e1sady ochrany osobn\u00edch \u00fadaj\u016f - Certified Market Edge","isPartOf":{"@id":"https:\/\/certifiedmarketedge.com\/#website"},"datePublished":"2023-06-21T10:53:05+00:00","dateModified":"2025-07-03T12:06:07+00:00","breadcrumb":{"@id":"https:\/\/certifiedmarketedge.com\/cs\/privacy-policy\/#breadcrumb"},"inLanguage":"cs","potentialAction":[{"@type":"ReadAction","target":["https:\/\/certifiedmarketedge.com\/cs\/privacy-policy\/"]}]},{"@type":"BreadcrumbList","@id":"https:\/\/certifiedmarketedge.com\/cs\/privacy-policy\/#breadcrumb","itemListElement":[{"@type":"ListItem","position":1,"name":"Home","item":"https:\/\/certifiedmarketedge.com\/"},{"@type":"ListItem","position":2,"name":"Z\u00e1sady ochrany osobn\u00edch \u00fadaj\u016f"}]},{"@type":"WebSite","@id":"https:\/\/certifiedmarketedge.com\/#website","url":"https:\/\/certifiedmarketedge.com\/","name":"Easy Edge Index","description":"Master Trading, Maximize Earnings [2025]","potentialAction":[{"@type":"SearchAction","target":{"@type":"EntryPoint","urlTemplate":"https:\/\/certifiedmarketedge.com\/?s={search_term_string}"},"query-input":{"@type":"PropertyValueSpecification","valueRequired":true,"valueName":"search_term_string"}}],"inLanguage":"cs"}]}},"_links":{"self":[{"href":"https:\/\/certifiedmarketedge.com\/cs\/wp-json\/wp\/v2\/pages\/690","targetHints":{"allow":["GET"]}}],"collection":[{"href":"https:\/\/certifiedmarketedge.com\/cs\/wp-json\/wp\/v2\/pages"}],"about":[{"href":"https:\/\/certifiedmarketedge.com\/cs\/wp-json\/wp\/v2\/types\/page"}],"author":[{"embeddable":true,"href":"https:\/\/certifiedmarketedge.com\/cs\/wp-json\/wp\/v2\/users\/2"}],"replies":[{"embeddable":true,"href":"https:\/\/certifiedmarketedge.com\/cs\/wp-json\/wp\/v2\/comments?post=690"}],"version-history":[{"count":1,"href":"https:\/\/certifiedmarketedge.com\/cs\/wp-json\/wp\/v2\/pages\/690\/revisions"}],"predecessor-version":[{"id":704,"href":"https:\/\/certifiedmarketedge.com\/cs\/wp-json\/wp\/v2\/pages\/690\/revisions\/704"}],"wp:attachment":[{"href":"https:\/\/certifiedmarketedge.com\/cs\/wp-json\/wp\/v2\/media?parent=690"}],"curies":[{"name":"wp","href":"https:\/\/api.w.org\/{rel}","templated":true}]}}