{"id":654,"date":"2023-06-21T11:29:38","date_gmt":"2023-06-21T11:29:38","guid":{"rendered":"https:\/\/certifiedmarketedge.com\/contact-us\/"},"modified":"2025-07-03T10:03:02","modified_gmt":"2025-07-03T10:03:02","slug":"contact-us","status":"publish","type":"page","link":"https:\/\/certifiedmarketedge.com\/de\/contact-us\/","title":{"rendered":"Kontakt aufnehmen"},"content":{"rendered":"<p>Ben\u00f6tigen Sie Unterst\u00fctzung oder haben Sie Fragen? Unser Team steht Ihnen gerne zur Verf\u00fcgung. So k\u00f6nnen Sie uns erreichen:<br \/>\nKontaktinformationen<br \/>\nGesch\u00e4ftsanfragen:<br \/>\nF\u00fcr Partnerschaften, Medienanfragen oder andere gesch\u00e4ftliche Belange:<br \/>\nbusiness@certifiedmarketedge.com<br \/>\nKundensupport:<br \/>\nF\u00fcr Unterst\u00fctzung oder allgemeine Fragen:<br \/>\nsupport@certifiedmarketedge.com<\/p>\n","protected":false},"excerpt":{"rendered":"<p>Ben\u00f6tigen Sie Unterst\u00fctzung oder haben Sie Fragen? Unser Team steht Ihnen gerne zur Verf\u00fcgung. So k\u00f6nnen Sie uns erreichen: Kontaktinformationen Gesch\u00e4ftsanfragen: F\u00fcr Partnerschaften, Medienanfragen oder andere gesch\u00e4ftliche Belange: business@certifiedmarketedge.com Kundensupport: F\u00fcr Unterst\u00fctzung oder allgemeine Fragen: support@certifiedmarketedge.com<\/p>\n","protected":false},"author":2,"featured_media":0,"parent":0,"menu_order":0,"comment_status":"closed","ping_status":"closed","template":"page-contact.php","meta":{"footnotes":""},"class_list":["post-654","page","type-page","status-publish","hentry"],"yoast_head":"<!-- This site is optimized with the Yoast SEO plugin v25.6 - https:\/\/yoast.com\/wordpress\/plugins\/seo\/ -->\n<title>Easy Edge Index \u2122 | Offizielle Website 2026 | Beanspruche jetzt!<\/title>\n<meta name=\"robots\" content=\"noindex, follow, max-snippet:-1, max-image-preview:large, max-video-preview:-1\" \/>\n<meta property=\"og:locale\" content=\"de_DE\" \/>\n<meta property=\"og:site_name\" content=\"Certified Market Edge\" \/>\n<meta property=\"article:modified_time\" content=\"2025-07-03T10:03:02+00:00\" \/>\n<meta name=\"twitter:card\" content=\"summary_large_image\" \/>\n<!-- \/ Yoast SEO plugin. -->","yoast_head_json":{"title":"Easy Edge Index \u2122 | Offizielle Website 2026 | Beanspruche jetzt!","robots":{"index":"noindex","follow":"follow","max-snippet":"max-snippet:-1","max-image-preview":"max-image-preview:large","max-video-preview":"max-video-preview:-1"},"og_locale":"de_DE","og_site_name":"Certified Market Edge","article_modified_time":"2025-07-03T10:03:02+00:00","twitter_card":"summary_large_image","schema":{"@context":"https:\/\/schema.org","@graph":[{"@type":"WebPage","@id":"https:\/\/certifiedmarketedge.com\/de\/contact-us\/","url":"https:\/\/certifiedmarketedge.com\/de\/contact-us\/","name":"Kontakt aufnehmen - Certified Market Edge","isPartOf":{"@id":"https:\/\/certifiedmarketedge.com\/#website"},"datePublished":"2023-06-21T11:29:38+00:00","dateModified":"2025-07-03T10:03:02+00:00","breadcrumb":{"@id":"https:\/\/certifiedmarketedge.com\/de\/contact-us\/#breadcrumb"},"inLanguage":"de","potentialAction":[{"@type":"ReadAction","target":["https:\/\/certifiedmarketedge.com\/de\/contact-us\/"]}]},{"@type":"BreadcrumbList","@id":"https:\/\/certifiedmarketedge.com\/de\/contact-us\/#breadcrumb","itemListElement":[{"@type":"ListItem","position":1,"name":"Home","item":"https:\/\/certifiedmarketedge.com\/"},{"@type":"ListItem","position":2,"name":"Kontakt aufnehmen"}]},{"@type":"WebSite","@id":"https:\/\/certifiedmarketedge.com\/#website","url":"https:\/\/certifiedmarketedge.com\/","name":"Easy Edge Index","description":"Master Trading, Maximize Earnings [2025]","potentialAction":[{"@type":"SearchAction","target":{"@type":"EntryPoint","urlTemplate":"https:\/\/certifiedmarketedge.com\/?s={search_term_string}"},"query-input":{"@type":"PropertyValueSpecification","valueRequired":true,"valueName":"search_term_string"}}],"inLanguage":"de"}]}},"_links":{"self":[{"href":"https:\/\/certifiedmarketedge.com\/de\/wp-json\/wp\/v2\/pages\/654","targetHints":{"allow":["GET"]}}],"collection":[{"href":"https:\/\/certifiedmarketedge.com\/de\/wp-json\/wp\/v2\/pages"}],"about":[{"href":"https:\/\/certifiedmarketedge.com\/de\/wp-json\/wp\/v2\/types\/page"}],"author":[{"embeddable":true,"href":"https:\/\/certifiedmarketedge.com\/de\/wp-json\/wp\/v2\/users\/2"}],"replies":[{"embeddable":true,"href":"https:\/\/certifiedmarketedge.com\/de\/wp-json\/wp\/v2\/comments?post=654"}],"version-history":[{"count":1,"href":"https:\/\/certifiedmarketedge.com\/de\/wp-json\/wp\/v2\/pages\/654\/revisions"}],"predecessor-version":[{"id":661,"href":"https:\/\/certifiedmarketedge.com\/de\/wp-json\/wp\/v2\/pages\/654\/revisions\/661"}],"wp:attachment":[{"href":"https:\/\/certifiedmarketedge.com\/de\/wp-json\/wp\/v2\/media?parent=654"}],"curies":[{"name":"wp","href":"https:\/\/api.w.org\/{rel}","templated":true}]}}