{"id":941,"date":"2023-06-21T11:29:38","date_gmt":"2023-06-21T11:29:38","guid":{"rendered":"https:\/\/certifiedmarketedge.com\/contact-us\/"},"modified":"2026-05-09T08:05:09","modified_gmt":"2026-05-09T08:05:09","slug":"contact-us","status":"publish","type":"page","link":"https:\/\/certifiedmarketedge.com\/hr\/contact-us\/","title":{"rendered":""},"content":{"rendered":"<h1>Kontaktirajte Certified Market Edge<\/h1>\n<p>Trebate pomo\u0107 ili imate pitanja? Na\u0161 tim je spreman pomo\u0107i vam. Evo kako nas mo\u017eete kontaktirati:<br \/>\nKontakt informacije<br \/>\nPoslovni upiti:<br \/>\nZa partnerstva, medijske upite ili druga poslovna pitanja:<br \/>\nbusiness@certifiedmarketedge.com<br \/>\nKorisni\u010dka podr\u0161ka:<br \/>\nZa bilo kakvu pomo\u0107 ili op\u0107a pitanja:<br \/>\nsupport@certifiedmarketedge.com<\/p>\n","protected":false},"excerpt":{"rendered":"<p>Kontaktirajte Trebate pomo\u0107 ili imate pitanja? Na\u0161 tim je spreman pomo\u0107i vam. Evo kako nas mo\u017eete kontaktirati: Kontakt informacije Poslovni upiti: Za partnerstva, medijske upite ili druga poslovna pitanja: business@certifiedmarketedge.com Korisni\u010dka podr\u0161ka: Za bilo kakvu pomo\u0107 ili op\u0107a pitanja: support@certifiedmarketedge.com<\/p>\n","protected":false},"author":2,"featured_media":0,"parent":0,"menu_order":0,"comment_status":"closed","ping_status":"closed","template":"page-contact.php","meta":{"footnotes":""},"class_list":["post-941","page","type-page","status-publish","hentry"],"yoast_head":"<!-- This site is optimized with the Yoast SEO plugin v25.6 - https:\/\/yoast.com\/wordpress\/plugins\/seo\/ -->\n<title>Certified Market Edge \u2122 | Offici\u00eble website 2026 | Claim nu!<\/title>\n<meta name=\"robots\" content=\"noindex, follow, max-snippet:-1, max-image-preview:large, max-video-preview:-1\" \/>\n<meta property=\"og:locale\" content=\"hr_HR\" \/>\n<meta property=\"og:site_name\" content=\"Certified Market Edge\" \/>\n<meta property=\"article:modified_time\" content=\"2026-05-09T08:05:09+00:00\" \/>\n<meta name=\"twitter:card\" content=\"summary_large_image\" \/>\n<meta name=\"twitter:label1\" content=\"Procijenjeno vrijeme \u010ditanja\" \/>\n\t<meta name=\"twitter:data1\" content=\"1 minuta\" \/>\n<!-- \/ Yoast SEO plugin. -->","yoast_head_json":{"title":"Certified Market Edge \u2122 | Offici\u00eble website 2026 | Claim nu!","robots":{"index":"noindex","follow":"follow","max-snippet":"max-snippet:-1","max-image-preview":"max-image-preview:large","max-video-preview":"max-video-preview:-1"},"og_locale":"hr_HR","og_site_name":"Certified Market Edge","article_modified_time":"2026-05-09T08:05:09+00:00","twitter_card":"summary_large_image","twitter_misc":{"Procijenjeno vrijeme \u010ditanja":"1 minuta"},"schema":{"@context":"https:\/\/schema.org","@graph":[{"@type":"WebPage","@id":"https:\/\/certifiedmarketedge.com\/hr\/contact-us\/","url":"https:\/\/certifiedmarketedge.com\/hr\/contact-us\/","name":"- Certified Market Edge","isPartOf":{"@id":"https:\/\/certifiedmarketedge.com\/#website"},"datePublished":"2023-06-21T11:29:38+00:00","dateModified":"2026-05-09T08:05:09+00:00","inLanguage":"hr","potentialAction":[{"@type":"ReadAction","target":["https:\/\/certifiedmarketedge.com\/hr\/contact-us\/"]}]},{"@type":"WebSite","@id":"https:\/\/certifiedmarketedge.com\/#website","url":"https:\/\/certifiedmarketedge.com\/","name":"Easy Edge Index","description":"Master Trading, Maximize Earnings [2025]","potentialAction":[{"@type":"SearchAction","target":{"@type":"EntryPoint","urlTemplate":"https:\/\/certifiedmarketedge.com\/?s={search_term_string}"},"query-input":{"@type":"PropertyValueSpecification","valueRequired":true,"valueName":"search_term_string"}}],"inLanguage":"hr"}]}},"_links":{"self":[{"href":"https:\/\/certifiedmarketedge.com\/hr\/wp-json\/wp\/v2\/pages\/941","targetHints":{"allow":["GET"]}}],"collection":[{"href":"https:\/\/certifiedmarketedge.com\/hr\/wp-json\/wp\/v2\/pages"}],"about":[{"href":"https:\/\/certifiedmarketedge.com\/hr\/wp-json\/wp\/v2\/types\/page"}],"author":[{"embeddable":true,"href":"https:\/\/certifiedmarketedge.com\/hr\/wp-json\/wp\/v2\/users\/2"}],"replies":[{"embeddable":true,"href":"https:\/\/certifiedmarketedge.com\/hr\/wp-json\/wp\/v2\/comments?post=941"}],"version-history":[{"count":2,"href":"https:\/\/certifiedmarketedge.com\/hr\/wp-json\/wp\/v2\/pages\/941\/revisions"}],"predecessor-version":[{"id":974,"href":"https:\/\/certifiedmarketedge.com\/hr\/wp-json\/wp\/v2\/pages\/941\/revisions\/974"}],"wp:attachment":[{"href":"https:\/\/certifiedmarketedge.com\/hr\/wp-json\/wp\/v2\/media?parent=941"}],"curies":[{"name":"wp","href":"https:\/\/api.w.org\/{rel}","templated":true}]}}