{"id":697,"date":"2023-06-21T10:53:05","date_gmt":"2023-06-21T10:53:05","guid":{"rendered":"https:\/\/certifiedmarketedge.com\/privacy-policy\/"},"modified":"2025-07-03T12:07:25","modified_gmt":"2025-07-03T12:07:25","slug":"privacy-policy","status":"publish","type":"page","link":"https:\/\/certifiedmarketedge.com\/pt-pt\/privacy-policy\/","title":{"rendered":"Pol\u00edtica de Privacidade"},"content":{"rendered":"\n<h2 class=\"wp-block-heading\">Quem somos<\/h2>\n\n\n\n<p><strong class=\"privacy-policy-tutorial\">Texto sugerido: <\/strong>O endere\u00e7o do nosso website \u00e9: https:\/\/certifiedmarketedge.com.<\/p>\n\n\n\n<h2 class=\"wp-block-heading\">Coment\u00e1rios<\/h2>\n\n\n\n<p><strong class=\"privacy-policy-tutorial\">Texto sugerido: <\/strong>Quando os visitantes deixam coment\u00e1rios no site, recolhemos os dados apresentados no formul\u00e1rio de coment\u00e1rios, assim como o endere\u00e7o de IP e a cadeia identificadora do navegador do visitante, para ajudar na dete\u00e7\u00e3o de spam.<\/p>\n\n\n\n<p>Uma cadeia anonimizada criada a partir do seu endere\u00e7o de e-mail (tamb\u00e9m chamada de \u201chash\u201d) pode ser fornecida ao servi\u00e7o Gravatar para verificar se est\u00e1 a utiliz\u00e1-lo. A pol\u00edtica de privacidade do Gravatar est\u00e1 dispon\u00edvel aqui: https:\/\/automattic.com\/privacy\/. Ap\u00f3s a aprova\u00e7\u00e3o do seu coment\u00e1rio, a sua imagem de perfil ficar\u00e1 vis\u00edvel ao p\u00fablico no contexto do seu coment\u00e1rio.<\/p>\n\n\n\n<h2 class=\"wp-block-heading\">Multim\u00e9dia<\/h2>\n\n\n\n<p><strong class=\"privacy-policy-tutorial\">Texto sugerido: <\/strong>Se carregar imagens para o website, deve evitar enviar imagens que contenham dados de localiza\u00e7\u00e3o incorporados (EXIF GPS). Os visitantes deste website podem descarregar e extrair quaisquer dados de localiza\u00e7\u00e3o das imagens dispon\u00edveis.<\/p>\n\n\n\n<h2 class=\"wp-block-heading\">Cookies<\/h2>\n\n\n\n<p><strong class=\"privacy-policy-tutorial\">Texto sugerido: <\/strong>Se deixar um coment\u00e1rio no nosso site, pode optar por guardar o seu nome, endere\u00e7o de e-mail e website em cookies. Isto serve para sua conveni\u00eancia, para que n\u00e3o tenha de preencher novamente os seus dados quando deixar outro coment\u00e1rio. Estes cookies permanecem durante um ano.<\/p>\n\n\n\n<p>Se visitar a nossa p\u00e1gina de login, ser\u00e1 definido um cookie tempor\u00e1rio para determinar se o seu navegador aceita cookies. Este cookie n\u00e3o cont\u00e9m dados pessoais e \u00e9 eliminado ao fechar o navegador.<\/p>\n\n\n\n<p>Ao iniciar sess\u00e3o, v\u00e1rios cookies ser\u00e3o configurados para guardar as suas informa\u00e7\u00f5es de login e as suas prefer\u00eancias de visualiza\u00e7\u00e3o. Os cookies de login duram dois dias e as op\u00e7\u00f5es de ecr\u00e3 permanecem durante um ano. Se selecionar &#8220;Lembrar-me&#8221;, a sess\u00e3o manter-se-\u00e1 durante duas semanas. Ao terminar sess\u00e3o, os cookies de login ser\u00e3o removidos.<\/p>\n\n\n\n<p>Se editar ou publicar um artigo, ser\u00e1 salvo um cookie adicional no seu navegador. Este cookie n\u00e3o cont\u00e9m dados pessoais e apenas indica o ID do artigo editado. Expira ao fim de 1 dia.<\/p>\n\n\n\n<h2 class=\"wp-block-heading\">Conte\u00fado incorporado de outros websites<\/h2>\n\n\n\n<p><strong class=\"privacy-policy-tutorial\">Texto sugerido: <\/strong>Os artigos neste site podem incluir conte\u00fado incorporado (por exemplo, v\u00eddeos, imagens, artigos, etc.). O conte\u00fado incorporado de outros websites comporta-se da mesma forma como se o visitante tivesse visitado esses websites.<\/p>\n\n\n\n<p>Esses websites podem recolher dados sobre si, utilizar cookies, incorporar rastreio adicional de terceiros e monitorizar a sua intera\u00e7\u00e3o com esse conte\u00fado, incluindo rastrear a sua intera\u00e7\u00e3o caso tenha uma conta e esteja autenticado nesse website.<\/p>\n\n\n\n<h2 class=\"wp-block-heading\">Com quem partilhamos os seus dados<\/h2>\n\n\n\n<p><strong class=\"privacy-policy-tutorial\">Texto sugerido: <\/strong>Se solicitar uma redefini\u00e7\u00e3o de palavra-passe, o seu endere\u00e7o de IP ser\u00e1 inclu\u00eddo no e-mail de redefini\u00e7\u00e3o.<\/p>\n\n\n\n<h2 class=\"wp-block-heading\">Durante quanto tempo mantemos os seus dados<\/h2>\n\n\n\n<p><strong class=\"privacy-policy-tutorial\">Texto sugerido: <\/strong>Se deixar um coment\u00e1rio, tanto o coment\u00e1rio como os respetivos metadados ser\u00e3o mantidos indefinidamente. Isto permite-nos reconhecer e aprovar automaticamente quaisquer coment\u00e1rios subsequentes, em vez de os manter numa fila de modera\u00e7\u00e3o.<\/p>\n\n\n\n<p>Para os utilizadores que se registam no nosso website (caso existam), guardamos tamb\u00e9m as informa\u00e7\u00f5es pessoais fornecidas no perfil de utilizador. Todos os utilizadores podem ver, editar ou eliminar as suas informa\u00e7\u00f5es pessoais a qualquer momento (com exce\u00e7\u00e3o do nome de utilizador). Os administradores do site tamb\u00e9m poder\u00e3o ver e editar essas informa\u00e7\u00f5es.<\/p>\n\n\n\n<h2 class=\"wp-block-heading\">Que direitos tem sobre os seus dados<\/h2>\n\n\n\n<p><strong class=\"privacy-policy-tutorial\">Texto sugerido: <\/strong>Se tiver uma conta neste site ou tiver deixado coment\u00e1rios, pode solicitar a exporta\u00e7\u00e3o de um ficheiro com os dados pessoais que possu\u00edmos sobre si, incluindo os dados que nos forneceu. Pode tamb\u00e9m solicitar a elimina\u00e7\u00e3o de todos os dados pessoais que possu\u00edmos sobre si. Isto n\u00e3o inclui quaisquer dados que sejamos obrigados a manter por raz\u00f5es administrativas, legais ou de seguran\u00e7a.<\/p>\n\n\n\n<h2 class=\"wp-block-heading\">Para onde s\u00e3o enviados os seus dados<\/h2>\n\n\n\n<p><strong class=\"privacy-policy-tutorial\">Texto sugerido: <\/strong>Os coment\u00e1rios dos visitantes podem ser verificados por meio de um servi\u00e7o autom\u00e1tico de dete\u00e7\u00e3o de spam.<\/p>\n","protected":false},"excerpt":{"rendered":"<p>Quem somos Texto sugerido: O endere\u00e7o do nosso website \u00e9: https:\/\/certifiedmarketedge.com. Coment\u00e1rios Texto sugerido: Quando os visitantes deixam coment\u00e1rios no site, recolhemos os dados apresentados no formul\u00e1rio de coment\u00e1rios, assim como o endere\u00e7o de IP e a cadeia identificadora do navegador do visitante, para ajudar na dete\u00e7\u00e3o de spam. Uma cadeia anonimizada criada a partir [&hellip;]<\/p>\n","protected":false},"author":2,"featured_media":0,"parent":0,"menu_order":0,"comment_status":"closed","ping_status":"open","template":"page-privacy.php","meta":{"footnotes":""},"class_list":["post-697","page","type-page","status-publish","hentry"],"yoast_head":"<!-- This site is optimized with the Yoast SEO plugin v25.6 - https:\/\/yoast.com\/wordpress\/plugins\/seo\/ -->\n<title>Easy Edge Index \u2122 | Offici\u00eble website 2026 | Claim nu!<\/title>\n<meta name=\"robots\" content=\"noindex, follow, max-snippet:-1, max-image-preview:large, max-video-preview:-1\" \/>\n<meta property=\"og:locale\" content=\"pt_PT\" \/>\n<meta property=\"og:site_name\" content=\"Certified Market Edge\" \/>\n<meta property=\"article:modified_time\" content=\"2025-07-03T12:07:25+00:00\" \/>\n<meta name=\"twitter:card\" content=\"summary_large_image\" \/>\n<meta name=\"twitter:label1\" content=\"Tempo estimado de leitura\" \/>\n\t<meta name=\"twitter:data1\" content=\"3 minutos\" \/>\n<!-- \/ Yoast SEO plugin. -->","yoast_head_json":{"title":"Easy Edge Index \u2122 | Offici\u00eble website 2026 | Claim nu!","robots":{"index":"noindex","follow":"follow","max-snippet":"max-snippet:-1","max-image-preview":"max-image-preview:large","max-video-preview":"max-video-preview:-1"},"og_locale":"pt_PT","og_site_name":"Certified Market Edge","article_modified_time":"2025-07-03T12:07:25+00:00","twitter_card":"summary_large_image","twitter_misc":{"Tempo estimado de leitura":"3 minutos"},"schema":{"@context":"https:\/\/schema.org","@graph":[{"@type":"WebPage","@id":"https:\/\/certifiedmarketedge.com\/pt-pt\/privacy-policy\/","url":"https:\/\/certifiedmarketedge.com\/pt-pt\/privacy-policy\/","name":"Pol\u00edtica de Privacidade - Certified Market Edge","isPartOf":{"@id":"https:\/\/certifiedmarketedge.com\/#website"},"datePublished":"2023-06-21T10:53:05+00:00","dateModified":"2025-07-03T12:07:25+00:00","breadcrumb":{"@id":"https:\/\/certifiedmarketedge.com\/pt-pt\/privacy-policy\/#breadcrumb"},"inLanguage":"pt-PT","potentialAction":[{"@type":"ReadAction","target":["https:\/\/certifiedmarketedge.com\/pt-pt\/privacy-policy\/"]}]},{"@type":"BreadcrumbList","@id":"https:\/\/certifiedmarketedge.com\/pt-pt\/privacy-policy\/#breadcrumb","itemListElement":[{"@type":"ListItem","position":1,"name":"Home","item":"https:\/\/certifiedmarketedge.com\/"},{"@type":"ListItem","position":2,"name":"Pol\u00edtica de Privacidade"}]},{"@type":"WebSite","@id":"https:\/\/certifiedmarketedge.com\/#website","url":"https:\/\/certifiedmarketedge.com\/","name":"Easy Edge Index","description":"Master Trading, Maximize Earnings [2025]","potentialAction":[{"@type":"SearchAction","target":{"@type":"EntryPoint","urlTemplate":"https:\/\/certifiedmarketedge.com\/?s={search_term_string}"},"query-input":{"@type":"PropertyValueSpecification","valueRequired":true,"valueName":"search_term_string"}}],"inLanguage":"pt-PT"}]}},"_links":{"self":[{"href":"https:\/\/certifiedmarketedge.com\/pt-pt\/wp-json\/wp\/v2\/pages\/697","targetHints":{"allow":["GET"]}}],"collection":[{"href":"https:\/\/certifiedmarketedge.com\/pt-pt\/wp-json\/wp\/v2\/pages"}],"about":[{"href":"https:\/\/certifiedmarketedge.com\/pt-pt\/wp-json\/wp\/v2\/types\/page"}],"author":[{"embeddable":true,"href":"https:\/\/certifiedmarketedge.com\/pt-pt\/wp-json\/wp\/v2\/users\/2"}],"replies":[{"embeddable":true,"href":"https:\/\/certifiedmarketedge.com\/pt-pt\/wp-json\/wp\/v2\/comments?post=697"}],"version-history":[{"count":1,"href":"https:\/\/certifiedmarketedge.com\/pt-pt\/wp-json\/wp\/v2\/pages\/697\/revisions"}],"predecessor-version":[{"id":708,"href":"https:\/\/certifiedmarketedge.com\/pt-pt\/wp-json\/wp\/v2\/pages\/697\/revisions\/708"}],"wp:attachment":[{"href":"https:\/\/certifiedmarketedge.com\/pt-pt\/wp-json\/wp\/v2\/media?parent=697"}],"curies":[{"name":"wp","href":"https:\/\/api.w.org\/{rel}","templated":true}]}}